{"id":50,"date":"2025-10-27T16:24:52","date_gmt":"2025-10-27T16:24:52","guid":{"rendered":"https:\/\/www.auralys.baow.fr\/?page_id=50"},"modified":"2025-10-27T17:04:41","modified_gmt":"2025-10-27T17:04:41","slug":"soins-corps","status":"publish","type":"page","link":"https:\/\/www.auralys.baow.fr\/index.php\/soins-corps\/","title":{"rendered":"SOINS CORPS \ud83c\udf3f"},"content":{"rendered":"\n<h3 class=\"wp-block-heading\"><strong>Massage Relaxant Auralys<\/strong><\/h3>\n\n\n\n<div class=\"wp-block-group is-nowrap is-layout-flex wp-container-core-group-is-layout-ad2f72ca wp-block-group-is-layout-flex\">\n<p>Un massage signature qui <strong><em>lib\u00e8re les tensions<\/em><\/strong> et invite \u00e0 la <strong><em>d\u00e9connexion totale<\/em><\/strong>. Les <strong><em>gestes lents<\/em><\/strong> et fluides favorisent une <strong><em>relaxation profonde<\/em><\/strong>, pour un corps<strong><em> apais\u00e9<\/em><\/strong> et un esprit l\u00e9ger.<\/p>\n\n\n\n<figure class=\"wp-block-image size-full is-resized\"><img loading=\"lazy\" decoding=\"async\" width=\"1024\" height=\"683\" src=\"https:\/\/www.auralys.baow.fr\/wp-content\/uploads\/2025\/10\/image-15.png\" alt=\"\" class=\"wp-image-95\" style=\"width:336px;height:auto\" srcset=\"https:\/\/www.auralys.baow.fr\/wp-content\/uploads\/2025\/10\/image-15.png 1024w, https:\/\/www.auralys.baow.fr\/wp-content\/uploads\/2025\/10\/image-15-300x200.png 300w, https:\/\/www.auralys.baow.fr\/wp-content\/uploads\/2025\/10\/image-15-768x512.png 768w, https:\/\/www.auralys.baow.fr\/wp-content\/uploads\/2025\/10\/image-15-450x300.png 450w\" sizes=\"auto, (max-width: 1024px) 100vw, 1024px\" \/><figcaption class=\"wp-element-caption\">1 h<br><strong>65 \u20ac<\/strong><\/figcaption><\/figure>\n<\/div>\n\n\n\n<h3 class=\"wp-block-heading\"><strong>Massage aux Pierres Chaudes<\/strong><\/h3>\n\n\n\n<div class=\"wp-block-group is-nowrap is-layout-flex wp-container-core-group-is-layout-ad2f72ca wp-block-group-is-layout-flex\">\n<p>La chaleur des pierres volcaniques diffuse une <strong><em>\u00e9nergie r\u00e9confortante <\/em><\/strong>qui <strong><em>d\u00e9tend<\/em><\/strong> les muscles et <strong><em>harmonise<\/em><\/strong> les flux d\u2019\u00e9nergie. Parfait pour <em><strong>\u00e9liminer le stress <\/strong><\/em>et retrouver un <strong><em>bien-\u00eatre<\/em><\/strong> durable.<\/p>\n\n\n\n<figure class=\"wp-block-image size-large is-resized\"><img loading=\"lazy\" decoding=\"async\" width=\"1024\" height=\"768\" src=\"https:\/\/www.auralys.baow.fr\/wp-content\/uploads\/2025\/10\/image-16-1024x768.png\" alt=\"\" class=\"wp-image-96\" style=\"width:342px;height:auto\" srcset=\"https:\/\/www.auralys.baow.fr\/wp-content\/uploads\/2025\/10\/image-16-1024x768.png 1024w, https:\/\/www.auralys.baow.fr\/wp-content\/uploads\/2025\/10\/image-16-300x225.png 300w, https:\/\/www.auralys.baow.fr\/wp-content\/uploads\/2025\/10\/image-16-768x576.png 768w, https:\/\/www.auralys.baow.fr\/wp-content\/uploads\/2025\/10\/image-16.png 1200w\" sizes=\"auto, (max-width: 1024px) 100vw, 1024px\" \/><figcaption class=\"wp-element-caption\">1 h 15<br><strong>80 \u20ac<\/strong><\/figcaption><\/figure>\n<\/div>\n\n\n\n<h3 class=\"wp-block-heading\"><strong>Soin Gommant du Corps<\/strong><\/h3>\n\n\n\n<div class=\"wp-block-group is-nowrap is-layout-flex wp-container-core-group-is-layout-ad2f72ca wp-block-group-is-layout-flex\">\n<p>Un <strong><em>rituel exfoliant doux<\/em><\/strong> qui <strong><em>\u00e9limine les impuret\u00e9s<\/em><\/strong> et<strong><em> adoucit la peau<\/em><\/strong>. Associ\u00e9 \u00e0 des senteurs naturelles, il laisse la <strong><em>peau velout\u00e9e et lumineuse<\/em><\/strong>, pr\u00eate \u00e0 recevoir un soin hydratant.<\/p>\n\n\n\n<figure class=\"wp-block-image size-large is-resized\"><img loading=\"lazy\" decoding=\"async\" width=\"1024\" height=\"1024\" src=\"https:\/\/www.auralys.baow.fr\/wp-content\/uploads\/2025\/10\/image-18-1024x1024.png\" alt=\"\" class=\"wp-image-98\" style=\"width:341px;height:auto\" srcset=\"https:\/\/www.auralys.baow.fr\/wp-content\/uploads\/2025\/10\/image-18-1024x1024.png 1024w, https:\/\/www.auralys.baow.fr\/wp-content\/uploads\/2025\/10\/image-18-300x300.png 300w, https:\/\/www.auralys.baow.fr\/wp-content\/uploads\/2025\/10\/image-18-150x150.png 150w, https:\/\/www.auralys.baow.fr\/wp-content\/uploads\/2025\/10\/image-18-768x768.png 768w, https:\/\/www.auralys.baow.fr\/wp-content\/uploads\/2025\/10\/image-18-1536x1536.png 1536w, https:\/\/www.auralys.baow.fr\/wp-content\/uploads\/2025\/10\/image-18-435x435.png 435w, https:\/\/www.auralys.baow.fr\/wp-content\/uploads\/2025\/10\/image-18.png 2048w\" sizes=\"auto, (max-width: 1024px) 100vw, 1024px\" \/><figcaption class=\"wp-element-caption\">45 min<br><strong>50 \u20ac<\/strong><\/figcaption><\/figure>\n<\/div>\n\n\n\n<h3 class=\"wp-block-heading\"><strong>Rituel D\u00e9tox &amp; D\u00e9tente<\/strong><\/h3>\n\n\n\n<div class=\"wp-block-group is-nowrap is-layout-flex wp-container-core-group-is-layout-ad2f72ca wp-block-group-is-layout-flex\">\n<p>Ce soin<strong><em> allie massage drainant et enveloppement remin\u00e9ralisant <\/em><\/strong>pour redonner <strong><em>vitalit\u00e9<\/em><\/strong> au corps. Id\u00e9al pour se <strong><em>sentir l\u00e9g\u00e8re,<\/em><\/strong> <strong><em>tonifi\u00e9e et ressourc\u00e9e.<\/em><\/strong><\/p>\n\n\n\n<figure class=\"wp-block-image size-full is-resized\"><img loading=\"lazy\" decoding=\"async\" width=\"747\" height=\"560\" src=\"https:\/\/www.auralys.baow.fr\/wp-content\/uploads\/2025\/10\/image-20.png\" alt=\"\" class=\"wp-image-100\" style=\"width:340px;height:auto\" srcset=\"https:\/\/www.auralys.baow.fr\/wp-content\/uploads\/2025\/10\/image-20.png 747w, https:\/\/www.auralys.baow.fr\/wp-content\/uploads\/2025\/10\/image-20-300x225.png 300w\" sizes=\"auto, (max-width: 747px) 100vw, 747px\" \/><figcaption class=\"wp-element-caption\">1 h 30<br><strong>95 \u20ac<\/strong><\/figcaption><\/figure>\n<\/div>\n","protected":false},"excerpt":{"rendered":"<p>Massage Relaxant Auralys Un massage signature qui lib\u00e8re les tensions et invite \u00e0 la d\u00e9connexion totale. Les gestes lents et fluides favorisent une relaxation profonde, pour un corps apais\u00e9 et un esprit l\u00e9ger. Massage aux Pierres Chaudes La chaleur des pierres volcaniques diffuse une \u00e9nergie r\u00e9confortante qui d\u00e9tend les muscles et harmonise les flux d\u2019\u00e9nergie. &hellip; <\/p>\n","protected":false},"author":1,"featured_media":0,"parent":0,"menu_order":0,"comment_status":"closed","ping_status":"closed","template":"","meta":{"footnotes":""},"class_list":["post-50","page","type-page","status-publish","hentry"],"_links":{"self":[{"href":"https:\/\/www.auralys.baow.fr\/index.php\/wp-json\/wp\/v2\/pages\/50","targetHints":{"allow":["GET"]}}],"collection":[{"href":"https:\/\/www.auralys.baow.fr\/index.php\/wp-json\/wp\/v2\/pages"}],"about":[{"href":"https:\/\/www.auralys.baow.fr\/index.php\/wp-json\/wp\/v2\/types\/page"}],"author":[{"embeddable":true,"href":"https:\/\/www.auralys.baow.fr\/index.php\/wp-json\/wp\/v2\/users\/1"}],"replies":[{"embeddable":true,"href":"https:\/\/www.auralys.baow.fr\/index.php\/wp-json\/wp\/v2\/comments?post=50"}],"version-history":[{"count":5,"href":"https:\/\/www.auralys.baow.fr\/index.php\/wp-json\/wp\/v2\/pages\/50\/revisions"}],"predecessor-version":[{"id":103,"href":"https:\/\/www.auralys.baow.fr\/index.php\/wp-json\/wp\/v2\/pages\/50\/revisions\/103"}],"wp:attachment":[{"href":"https:\/\/www.auralys.baow.fr\/index.php\/wp-json\/wp\/v2\/media?parent=50"}],"curies":[{"name":"wp","href":"https:\/\/api.w.org\/{rel}","templated":true}]}}