{"id":38,"date":"2025-10-27T16:16:56","date_gmt":"2025-10-27T16:16:56","guid":{"rendered":"https:\/\/www.auralys.baow.fr\/?page_id=38"},"modified":"2025-10-28T13:39:04","modified_gmt":"2025-10-28T13:39:04","slug":"accueil","status":"publish","type":"page","link":"https:\/\/www.auralys.baow.fr\/index.php\/accueil\/","title":{"rendered":"ACCUEIL"},"content":{"rendered":"\n<p>\u00ab&nbsp;AURALYS, a votre service&nbsp;\u00bb <\/p>\n\n\n\n<div class=\"wp-block-group is-nowrap is-layout-flex wp-container-core-group-is-layout-ad2f72ca wp-block-group-is-layout-flex\">\n<p>Laissez-vous envelopper par la douceur d\u2019Auralys, o\u00f9 beaut\u00e9 et bien-\u00eatre ne font qu\u2019un<\/p>\n\n\n\n<figure class=\"wp-block-image is-resized\"><img decoding=\"async\" src=\"https:\/\/images.squarespace-cdn.com\/content\/v1\/5fbd8b507c61632c93f68c83\/829bca6b-42ad-42b2-929e-dcabfa3d6abe\/aura-skincare-primary-logo.png\" alt=\"https:\/\/images.squarespace-cdn.com\/content\/v1\/5fbd8b507c61632c93f68c83\/829bca6b-42ad-42b2-929e-dcabfa3d6abe\/aura-skincare-primary-logo.png\" style=\"width:171px;height:auto\"\/><\/figure>\n<\/div>\n\n\n\n<p><a href=\"https:\/\/www.auralys.baow.fr\/index.php\/soins-personnalises\/\" data-type=\"page\" data-id=\"30\"> <\/a> D\u00e9couvrir nos soins <a href=\"https:\/\/www.auralys.baow.fr\/index.php\/soins-personnalises\/\" data-type=\"page\" data-id=\"30\">Visages<\/a> et <a href=\"https:\/\/www.auralys.baow.fr\/index.php\/soins-corps\/\" data-type=\"page\" data-id=\"50\">Corps <\/a><\/p>\n\n\n\n<p>Cette univers met en \u00e9vidence nos soins propos\u00e9s pour tous types de personnes et tous types d\u2019envies.<br>Allant des soins visages au soins corps, vous trouverez le soins qui vous correspond le plus au meilleurs tarifs.&nbsp;<\/p>\n\n\n\n<p>S\u2019ajoute a cela une gamme de produit sp\u00e9cifique cr\u00e9er par les soins de la marque pour vous conqu\u00e9rir au maximum et pourquoi pas vous laisser tenter directement de chez vous avec des produits skincare respectueuse de l\u2019environnement et de votre bien \u00eatre. Ou encore des produits corporels nourrissant.<\/p>\n\n\n\n<div class=\"wp-block-cover\" style=\"min-height:378px;aspect-ratio:unset;\"><img decoding=\"async\" class=\"wp-block-cover__image-background\" alt=\"https:\/\/aurahealthandspa.com\/nitropack_static\/vVYOaJiqYvZWNaAQRrjiJoMvyrMITnIg\/assets\/images\/optimized\/rev-de3283d\/aurahealthandspa.com\/wp-content\/uploads\/2025\/05\/a-a-serene-dimly-cbe70511-b93e-48fa-918a-979eb23fff44-1.jpg\" src=\"https:\/\/aurahealthandspa.com\/nitropack_static\/vVYOaJiqYvZWNaAQRrjiJoMvyrMITnIg\/assets\/images\/optimized\/rev-de3283d\/aurahealthandspa.com\/wp-content\/uploads\/2025\/05\/a-a-serene-dimly-cbe70511-b93e-48fa-918a-979eb23fff44-1.jpg\" data-object-fit=\"cover\"\/><span aria-hidden=\"true\" class=\"wp-block-cover__background has-background-dim\"><\/span><div class=\"wp-block-cover__inner-container is-layout-flow wp-block-cover-is-layout-flow\">\n<p><\/p>\n<\/div><\/div>\n","protected":false},"excerpt":{"rendered":"<p>\u00ab&nbsp;AURALYS, a votre service&nbsp;\u00bb Laissez-vous envelopper par la douceur d\u2019Auralys, o\u00f9 beaut\u00e9 et bien-\u00eatre ne font qu\u2019un D\u00e9couvrir nos soins Visages et Corps Cette univers met en \u00e9vidence nos soins propos\u00e9s pour tous types de personnes et tous types d\u2019envies.Allant des soins visages au soins corps, vous trouverez le soins qui vous correspond le plus &hellip; <\/p>\n","protected":false},"author":1,"featured_media":0,"parent":0,"menu_order":1,"comment_status":"closed","ping_status":"closed","template":"","meta":{"footnotes":""},"class_list":["post-38","page","type-page","status-publish","hentry"],"_links":{"self":[{"href":"https:\/\/www.auralys.baow.fr\/index.php\/wp-json\/wp\/v2\/pages\/38","targetHints":{"allow":["GET"]}}],"collection":[{"href":"https:\/\/www.auralys.baow.fr\/index.php\/wp-json\/wp\/v2\/pages"}],"about":[{"href":"https:\/\/www.auralys.baow.fr\/index.php\/wp-json\/wp\/v2\/types\/page"}],"author":[{"embeddable":true,"href":"https:\/\/www.auralys.baow.fr\/index.php\/wp-json\/wp\/v2\/users\/1"}],"replies":[{"embeddable":true,"href":"https:\/\/www.auralys.baow.fr\/index.php\/wp-json\/wp\/v2\/comments?post=38"}],"version-history":[{"count":6,"href":"https:\/\/www.auralys.baow.fr\/index.php\/wp-json\/wp\/v2\/pages\/38\/revisions"}],"predecessor-version":[{"id":113,"href":"https:\/\/www.auralys.baow.fr\/index.php\/wp-json\/wp\/v2\/pages\/38\/revisions\/113"}],"wp:attachment":[{"href":"https:\/\/www.auralys.baow.fr\/index.php\/wp-json\/wp\/v2\/media?parent=38"}],"curies":[{"name":"wp","href":"https:\/\/api.w.org\/{rel}","templated":true}]}}