{"id":177,"date":"2025-11-10T13:23:32","date_gmt":"2025-11-10T13:23:32","guid":{"rendered":"https:\/\/www.auralys.baow.fr\/?page_id=177"},"modified":"2025-11-10T13:37:09","modified_gmt":"2025-11-10T13:37:09","slug":"gamme-corps-rituels-de-lumiere-et-dhydratation","status":"publish","type":"page","link":"https:\/\/www.auralys.baow.fr\/index.php\/gamme-corps-rituels-de-lumiere-et-dhydratation\/","title":{"rendered":"Gamme Corps: Rituels de lumi\u00e8re et d&rsquo;hydratation"},"content":{"rendered":"\n<h3 class=\"wp-block-heading has-text-align-center\"><strong><em>Cr\u00e8me Mains &amp; Ongles Auralys<\/em><\/strong><\/h3>\n\n\n\n<div class=\"wp-block-group is-nowrap is-layout-flex wp-container-core-group-is-layout-ad2f72ca wp-block-group-is-layout-flex\">\n<p><strong>Soin nourrissant et r\u00e9parateur<\/strong><br>Une texture fondante qui p\u00e9n\u00e8tre instantan\u00e9ment sans effet gras, laissant les mains douces et soyeuses. Enrichie en&nbsp;<strong>beurre de karit\u00e9 bio<\/strong>&nbsp;et&nbsp;<strong>huile d\u2019amande douce<\/strong>, elle nourrit intens\u00e9ment la peau tout en renfor\u00e7ant les ongles.<br>Les&nbsp;<strong>extraits de fleur de jasmin blanc<\/strong>&nbsp;apportent une touche de d\u00e9licatesse et un parfum apaisant.<br>\ud83c\udf3f&nbsp;<strong>R\u00e9sultat :<\/strong>&nbsp;des mains velout\u00e9es, des ongles fortifi\u00e9s et un toucher soyeux, jour apr\u00e8s jour.<\/p>\n\n\n\n<figure class=\"wp-block-image size-large is-resized\"><img loading=\"lazy\" decoding=\"async\" width=\"384\" height=\"1024\" src=\"https:\/\/www.auralys.baow.fr\/wp-content\/uploads\/2025\/11\/IMG_6557-384x1024.jpg\" alt=\"\" class=\"wp-image-180\" style=\"width:285px;height:auto\" srcset=\"https:\/\/www.auralys.baow.fr\/wp-content\/uploads\/2025\/11\/IMG_6557-384x1024.jpg 384w, https:\/\/www.auralys.baow.fr\/wp-content\/uploads\/2025\/11\/IMG_6557-113x300.jpg 113w, https:\/\/www.auralys.baow.fr\/wp-content\/uploads\/2025\/11\/IMG_6557.jpg 572w\" sizes=\"auto, (max-width: 384px) 100vw, 384px\" \/><\/figure>\n<\/div>\n\n\n\n<p><\/p>\n\n\n\n<h3 class=\"wp-block-heading has-text-align-center\"><strong><em> Gommage Corps Sublimant Auralys<\/em><\/strong><\/h3>\n\n\n\n<div class=\"wp-block-group is-nowrap is-layout-flex wp-container-core-group-is-layout-ad2f72ca wp-block-group-is-layout-flex\">\n<p><strong>\u00c9clat et douceur renouvel\u00e9e<\/strong><br>Ce gommage sensoriel allie&nbsp;<strong>cristaux de sucre<\/strong>&nbsp;et&nbsp;<strong>poudre de noyaux d\u2019abricot<\/strong>&nbsp;pour exfolier la peau en douceur.<br>L\u2019huile de&nbsp;<strong>macadamia<\/strong>&nbsp;et la&nbsp;<strong>vitamine E<\/strong>&nbsp;hydratent et prot\u00e8gent la peau tout en laissant un fini satin\u00e9.<br>Son parfum floral aux notes d\u2019agrumes \u00e9veille les sens et laisse la peau d\u00e9licatement parfum\u00e9e.<br>\ud83c\udf38&nbsp;<strong>R\u00e9sultat :<\/strong>&nbsp;la peau retrouve \u00e9clat, douceur et souplesse, pr\u00eate \u00e0 recevoir les soins suivants.<\/p>\n\n\n\n<figure class=\"wp-block-image size-large is-resized\"><img loading=\"lazy\" decoding=\"async\" width=\"354\" height=\"1024\" src=\"https:\/\/www.auralys.baow.fr\/wp-content\/uploads\/2025\/11\/IMG_6560-5-354x1024.jpg\" alt=\"\" class=\"wp-image-183\" style=\"width:157px;height:auto\" srcset=\"https:\/\/www.auralys.baow.fr\/wp-content\/uploads\/2025\/11\/IMG_6560-5-354x1024.jpg 354w, https:\/\/www.auralys.baow.fr\/wp-content\/uploads\/2025\/11\/IMG_6560-5-104x300.jpg 104w, https:\/\/www.auralys.baow.fr\/wp-content\/uploads\/2025\/11\/IMG_6560-5-531x1536.jpg 531w, https:\/\/www.auralys.baow.fr\/wp-content\/uploads\/2025\/11\/IMG_6560-5.jpg 532w\" sizes=\"auto, (max-width: 354px) 100vw, 354px\" \/><\/figure>\n<\/div>\n\n\n\n<h3 class=\"wp-block-heading has-text-align-center\"><strong><em> Lait Corps Hydratant Auralys<\/em><\/strong><\/h3>\n\n\n\n<div class=\"wp-block-group is-nowrap is-layout-flex wp-container-core-group-is-layout-ad2f72ca wp-block-group-is-layout-flex\">\n<p><strong>Velours de peau &amp; confort absolu<\/strong><br>Ce lait fluide fond sur la peau, la laissant instantan\u00e9ment douce et lumineuse. Enrichi en&nbsp;<strong>acide hyaluronique<\/strong>&nbsp;et en&nbsp;<strong>huile de cam\u00e9lia<\/strong>, il hydrate en profondeur tout en sublimant le grain de peau.<br>Les&nbsp;<strong>extraits d\u2019aloe vera<\/strong>&nbsp;apportent une sensation de fra\u00eecheur et d\u2019apaisement.<br>\ud83c\udf3f&nbsp;<strong>R\u00e9sultat :<\/strong>&nbsp;une peau souple, hydrat\u00e9e et rayonnante tout au long de la journ\u00e9e.<\/p>\n<\/div>\n\n\n\n<p><\/p>\n\n\n\n<h3 class=\"wp-block-heading has-text-align-center\"><strong><em>Huile S\u00e8che Sublime Auralys<\/em><\/strong><\/h3>\n\n\n\n<div class=\"wp-block-group is-nowrap is-layout-flex wp-container-core-group-is-layout-ad2f72ca wp-block-group-is-layout-flex\">\n<p><strong>\u00c9clat, nutrition et sensualit\u00e9<\/strong><br>Une huile s\u00e8che pr\u00e9cieuse qui enveloppe la peau d\u2019un \u00e9clat satin\u00e9. Sa formule associe&nbsp;<strong>huile d\u2019argan<\/strong>,&nbsp;<strong>huile de cam\u00e9lia<\/strong>&nbsp;et&nbsp;<strong>extrait de fleur de tiar\u00e9<\/strong>&nbsp;pour nourrir, assouplir et illuminer la peau sans laisser de film gras.<br>Quelques gouttes suffisent pour r\u00e9v\u00e9ler une peau douce et subtilement parfum\u00e9e, et m\u00eame sublimer les cheveux.<br>\u2728&nbsp;<strong>R\u00e9sultat :<\/strong>&nbsp;une peau satin\u00e9e, lumineuse et d\u00e9licatement parfum\u00e9e, comme caress\u00e9e par le soleil.<\/p>\n\n\n\n<figure class=\"wp-block-image size-large is-resized\"><img loading=\"lazy\" decoding=\"async\" width=\"377\" height=\"1024\" src=\"https:\/\/www.auralys.baow.fr\/wp-content\/uploads\/2025\/11\/IMG_6559-2-377x1024.jpg\" alt=\"\" class=\"wp-image-184\" style=\"width:283px;height:auto\" srcset=\"https:\/\/www.auralys.baow.fr\/wp-content\/uploads\/2025\/11\/IMG_6559-2-377x1024.jpg 377w, https:\/\/www.auralys.baow.fr\/wp-content\/uploads\/2025\/11\/IMG_6559-2-110x300.jpg 110w, https:\/\/www.auralys.baow.fr\/wp-content\/uploads\/2025\/11\/IMG_6559-2.jpg 562w\" sizes=\"auto, (max-width: 377px) 100vw, 377px\" \/><\/figure>\n<\/div>\n","protected":false},"excerpt":{"rendered":"<p>Cr\u00e8me Mains &amp; Ongles Auralys Soin nourrissant et r\u00e9parateurUne texture fondante qui p\u00e9n\u00e8tre instantan\u00e9ment sans effet gras, laissant les mains douces et soyeuses. Enrichie en&nbsp;beurre de karit\u00e9 bio&nbsp;et&nbsp;huile d\u2019amande douce, elle nourrit intens\u00e9ment la peau tout en renfor\u00e7ant les ongles.Les&nbsp;extraits de fleur de jasmin blanc&nbsp;apportent une touche de d\u00e9licatesse et un parfum apaisant.\ud83c\udf3f&nbsp;R\u00e9sultat :&nbsp;des mains &hellip; <\/p>\n","protected":false},"author":1,"featured_media":0,"parent":0,"menu_order":0,"comment_status":"closed","ping_status":"closed","template":"","meta":{"footnotes":""},"class_list":["post-177","page","type-page","status-publish","hentry"],"_links":{"self":[{"href":"https:\/\/www.auralys.baow.fr\/index.php\/wp-json\/wp\/v2\/pages\/177","targetHints":{"allow":["GET"]}}],"collection":[{"href":"https:\/\/www.auralys.baow.fr\/index.php\/wp-json\/wp\/v2\/pages"}],"about":[{"href":"https:\/\/www.auralys.baow.fr\/index.php\/wp-json\/wp\/v2\/types\/page"}],"author":[{"embeddable":true,"href":"https:\/\/www.auralys.baow.fr\/index.php\/wp-json\/wp\/v2\/users\/1"}],"replies":[{"embeddable":true,"href":"https:\/\/www.auralys.baow.fr\/index.php\/wp-json\/wp\/v2\/comments?post=177"}],"version-history":[{"count":6,"href":"https:\/\/www.auralys.baow.fr\/index.php\/wp-json\/wp\/v2\/pages\/177\/revisions"}],"predecessor-version":[{"id":189,"href":"https:\/\/www.auralys.baow.fr\/index.php\/wp-json\/wp\/v2\/pages\/177\/revisions\/189"}],"wp:attachment":[{"href":"https:\/\/www.auralys.baow.fr\/index.php\/wp-json\/wp\/v2\/media?parent=177"}],"curies":[{"name":"wp","href":"https:\/\/api.w.org\/{rel}","templated":true}]}}