{"id":141,"date":"2025-10-28T13:19:12","date_gmt":"2025-10-28T13:19:12","guid":{"rendered":"https:\/\/www.auralys.baow.fr\/?page_id=141"},"modified":"2025-11-10T14:16:16","modified_gmt":"2025-11-10T14:16:16","slug":"gamme-visage-rituels-de-lumiere-et-de-douceur","status":"publish","type":"page","link":"https:\/\/www.auralys.baow.fr\/index.php\/gamme-visage-rituels-de-lumiere-et-de-douceur\/","title":{"rendered":"\u00a0Gamme Visage \u2013 Rituels de lumi\u00e8re et de douceur"},"content":{"rendered":"\n<p class=\"has-text-align-center\"><strong><em><mark style=\"background-color:rgba(0, 0, 0, 0)\" class=\"has-inline-color has-black-color\"><bdo lang=\"\" dir=\"ltr\"><code>1.&nbsp;Cr\u00e8me Lumi\u00e8re Sublime<\/code><\/bdo><\/mark><\/em><\/strong><\/p>\n\n\n\n<div class=\"wp-block-group is-nowrap is-layout-flex wp-container-core-group-is-layout-ad2f72ca wp-block-group-is-layout-flex\">\n<p><mark style=\"background-color:rgba(0, 0, 0, 0)\" class=\"has-inline-color has-black-color\"><strong><em>Hydratation &amp; \u00e9clat<\/em><\/strong><br>Une texture soyeuse qui enveloppe la peau d\u2019un voile de lumi\u00e8re. Enrichie en acide hyaluronique et huile de cam\u00e9lia, elle repulpe et illumine le teint.<\/mark><\/p>\n\n\n\n<figure class=\"wp-block-image size-large is-resized\"><img loading=\"lazy\" decoding=\"async\" width=\"683\" height=\"1024\" src=\"https:\/\/www.auralys.baow.fr\/wp-content\/uploads\/2025\/10\/image-34-683x1024.png\" alt=\"\" class=\"wp-image-150\" style=\"width:251px;height:auto\" srcset=\"https:\/\/www.auralys.baow.fr\/wp-content\/uploads\/2025\/10\/image-34-683x1024.png 683w, https:\/\/www.auralys.baow.fr\/wp-content\/uploads\/2025\/10\/image-34-200x300.png 200w, https:\/\/www.auralys.baow.fr\/wp-content\/uploads\/2025\/10\/image-34-768x1152.png 768w, https:\/\/www.auralys.baow.fr\/wp-content\/uploads\/2025\/10\/image-34.png 1024w\" sizes=\"auto, (max-width: 683px) 100vw, 683px\" \/><\/figure>\n<\/div>\n\n\n\n<h3 class=\"wp-block-heading has-text-align-center\"><strong><em><code>2.&nbsp;S\u00e9rum \u00c9clat d\u2019Or<\/code><\/em><\/strong><\/h3>\n\n\n\n<div class=\"wp-block-group is-nowrap is-layout-flex wp-container-core-group-is-layout-ad2f72ca wp-block-group-is-layout-flex\">\n<p><strong>Concentr\u00e9 de jeunesse<\/strong><br>Ce s\u00e9rum dor\u00e9 fusionne des extraits de fleur de lotus et de vitamine C pour un effet bonne mine imm\u00e9diat.<\/p>\n\n\n\n<figure class=\"wp-block-image size-large is-resized\"><img loading=\"lazy\" decoding=\"async\" width=\"683\" height=\"1024\" src=\"https:\/\/www.auralys.baow.fr\/wp-content\/uploads\/2025\/10\/image-35-683x1024.png\" alt=\"\" class=\"wp-image-151\" style=\"width:204px;height:auto\" srcset=\"https:\/\/www.auralys.baow.fr\/wp-content\/uploads\/2025\/10\/image-35-683x1024.png 683w, https:\/\/www.auralys.baow.fr\/wp-content\/uploads\/2025\/10\/image-35-200x300.png 200w, https:\/\/www.auralys.baow.fr\/wp-content\/uploads\/2025\/10\/image-35-768x1152.png 768w, https:\/\/www.auralys.baow.fr\/wp-content\/uploads\/2025\/10\/image-35.png 1024w\" sizes=\"auto, (max-width: 683px) 100vw, 683px\" \/><\/figure>\n<\/div>\n\n\n\n<p class=\"has-text-align-center\"><strong><em><code>3.&nbsp;Brume Ros\u00e9e Hydratante<\/code><\/em><\/strong><\/p>\n\n\n\n<div class=\"wp-block-group is-nowrap is-layout-flex wp-container-core-group-is-layout-ad2f72ca wp-block-group-is-layout-flex\">\n<p><strong>Fra\u00eecheur instantan\u00e9e<\/strong><br>Une eau florale l\u00e9g\u00e8re qui apaise et r\u00e9veille le teint. Parfum subtil de fleur de coton.<\/p>\n\n\n\n<figure class=\"wp-block-image size-large is-resized\"><img loading=\"lazy\" decoding=\"async\" width=\"683\" height=\"1024\" src=\"https:\/\/www.auralys.baow.fr\/wp-content\/uploads\/2025\/10\/image-37-683x1024.png\" alt=\"\" class=\"wp-image-153\" style=\"width:164px;height:auto\" srcset=\"https:\/\/www.auralys.baow.fr\/wp-content\/uploads\/2025\/10\/image-37-683x1024.png 683w, https:\/\/www.auralys.baow.fr\/wp-content\/uploads\/2025\/10\/image-37-200x300.png 200w, https:\/\/www.auralys.baow.fr\/wp-content\/uploads\/2025\/10\/image-37-768x1152.png 768w, https:\/\/www.auralys.baow.fr\/wp-content\/uploads\/2025\/10\/image-37.png 1024w\" sizes=\"auto, (max-width: 683px) 100vw, 683px\" \/><\/figure>\n<\/div>\n\n\n\n<p class=\"has-text-align-center\"><strong><em><code>4.&nbsp;Mousse Nettoyante Velours<\/code><\/em><\/strong><\/p>\n\n\n\n<div class=\"wp-block-columns is-layout-flex wp-container-core-columns-is-layout-9d6595d7 wp-block-columns-is-layout-flex\">\n<div class=\"wp-block-column is-layout-flow wp-block-column-is-layout-flow\" style=\"flex-basis:100%\">\n<div class=\"wp-block-group is-nowrap is-layout-flex wp-container-core-group-is-layout-ad2f72ca wp-block-group-is-layout-flex\">\n<p><strong>Nettoyage doux<\/strong><br>Mousse a\u00e9rienne \u00e0 base d\u2019extrait d\u2019avoine et de miel pour une peau propre sans tiraillement.<\/p>\n\n\n\n<figure class=\"wp-block-image size-full is-resized\"><img loading=\"lazy\" decoding=\"async\" width=\"367\" height=\"797\" src=\"https:\/\/www.auralys.baow.fr\/wp-content\/uploads\/2025\/11\/IMG_6528.jpg\" alt=\"\" class=\"wp-image-173\" style=\"width:160px;height:auto\" srcset=\"https:\/\/www.auralys.baow.fr\/wp-content\/uploads\/2025\/11\/IMG_6528.jpg 367w, https:\/\/www.auralys.baow.fr\/wp-content\/uploads\/2025\/11\/IMG_6528-138x300.jpg 138w\" sizes=\"auto, (max-width: 367px) 100vw, 367px\" \/><\/figure>\n<\/div>\n<\/div>\n<\/div>\n\n\n\n<h3 class=\"wp-block-heading has-text-align-center\"><em><strong><code>5.&nbsp;Masque Nuit Cocon<\/code><\/strong><\/em><\/h3>\n\n\n\n<div class=\"wp-block-group is-nowrap is-layout-flex wp-container-core-group-is-layout-ad2f72ca wp-block-group-is-layout-flex\">\n<p><strong>R\u00e9paration nocturne<\/strong><br>Masque cr\u00e8me fondant enrichi en beurre de karit\u00e9 et peptides v\u00e9g\u00e9taux.                                  <\/p>\n\n\n\n<figure class=\"wp-block-image size-full is-resized\"><img loading=\"lazy\" decoding=\"async\" width=\"306\" height=\"420\" src=\"https:\/\/www.auralys.baow.fr\/wp-content\/uploads\/2025\/11\/IMG_6527.jpg\" alt=\"\" class=\"wp-image-172\" style=\"width:161px;height:auto\" srcset=\"https:\/\/www.auralys.baow.fr\/wp-content\/uploads\/2025\/11\/IMG_6527.jpg 306w, https:\/\/www.auralys.baow.fr\/wp-content\/uploads\/2025\/11\/IMG_6527-219x300.jpg 219w\" sizes=\"auto, (max-width: 306px) 100vw, 306px\" \/><\/figure>\n<\/div>\n\n\n\n<h3 class=\"wp-block-heading has-text-align-center\"><strong><em><code>6.&nbsp;Huile Visage \u00c9lixir d\u2019Aube<\/code><\/em><\/strong><\/h3>\n\n\n\n<div class=\"wp-block-group is-nowrap is-layout-flex wp-container-core-group-is-layout-ad2f72ca wp-block-group-is-layout-flex\">\n<p><strong>Nutrition &amp; \u00e9clat<\/strong><br>Huile s\u00e8che l\u00e9g\u00e8re au jasmin et \u00e0 l\u2019amande douce pour un fini soyeux.                          <\/p>\n\n\n\n<figure class=\"wp-block-image size-large is-resized\"><img loading=\"lazy\" decoding=\"async\" width=\"699\" height=\"1024\" src=\"https:\/\/www.auralys.baow.fr\/wp-content\/uploads\/2025\/11\/IMG_6529-699x1024.jpg\" alt=\"\" class=\"wp-image-174\" style=\"width:153px;height:auto\" srcset=\"https:\/\/www.auralys.baow.fr\/wp-content\/uploads\/2025\/11\/IMG_6529-699x1024.jpg 699w, https:\/\/www.auralys.baow.fr\/wp-content\/uploads\/2025\/11\/IMG_6529-205x300.jpg 205w, https:\/\/www.auralys.baow.fr\/wp-content\/uploads\/2025\/11\/IMG_6529-768x1124.jpg 768w, https:\/\/www.auralys.baow.fr\/wp-content\/uploads\/2025\/11\/IMG_6529.jpg 976w\" sizes=\"auto, (max-width: 699px) 100vw, 699px\" \/><\/figure>\n<\/div>\n","protected":false},"excerpt":{"rendered":"<p>1.&nbsp;Cr\u00e8me Lumi\u00e8re Sublime Hydratation &amp; \u00e9clatUne texture soyeuse qui enveloppe la peau d\u2019un voile de lumi\u00e8re. Enrichie en acide hyaluronique et huile de cam\u00e9lia, elle repulpe et illumine le teint. 2.&nbsp;S\u00e9rum \u00c9clat d\u2019Or Concentr\u00e9 de jeunesseCe s\u00e9rum dor\u00e9 fusionne des extraits de fleur de lotus et de vitamine C pour un effet bonne mine imm\u00e9diat. &hellip; <\/p>\n","protected":false},"author":1,"featured_media":0,"parent":0,"menu_order":5,"comment_status":"closed","ping_status":"closed","template":"","meta":{"footnotes":""},"class_list":["post-141","page","type-page","status-publish","hentry"],"_links":{"self":[{"href":"https:\/\/www.auralys.baow.fr\/index.php\/wp-json\/wp\/v2\/pages\/141","targetHints":{"allow":["GET"]}}],"collection":[{"href":"https:\/\/www.auralys.baow.fr\/index.php\/wp-json\/wp\/v2\/pages"}],"about":[{"href":"https:\/\/www.auralys.baow.fr\/index.php\/wp-json\/wp\/v2\/types\/page"}],"author":[{"embeddable":true,"href":"https:\/\/www.auralys.baow.fr\/index.php\/wp-json\/wp\/v2\/users\/1"}],"replies":[{"embeddable":true,"href":"https:\/\/www.auralys.baow.fr\/index.php\/wp-json\/wp\/v2\/comments?post=141"}],"version-history":[{"count":12,"href":"https:\/\/www.auralys.baow.fr\/index.php\/wp-json\/wp\/v2\/pages\/141\/revisions"}],"predecessor-version":[{"id":209,"href":"https:\/\/www.auralys.baow.fr\/index.php\/wp-json\/wp\/v2\/pages\/141\/revisions\/209"}],"wp:attachment":[{"href":"https:\/\/www.auralys.baow.fr\/index.php\/wp-json\/wp\/v2\/media?parent=141"}],"curies":[{"name":"wp","href":"https:\/\/api.w.org\/{rel}","templated":true}]}}