{"id":12,"date":"2025-10-27T15:49:45","date_gmt":"2025-10-27T15:49:45","guid":{"rendered":"https:\/\/www.auralys.baow.fr\/?page_id=12"},"modified":"2025-10-27T16:29:13","modified_gmt":"2025-10-27T16:29:13","slug":"informations","status":"publish","type":"page","link":"https:\/\/www.auralys.baow.fr\/index.php\/informations\/","title":{"rendered":"HISTOIRE DE LA MARQUE"},"content":{"rendered":"\n<p><\/p>\n\n\n\n<p>N\u00e9e d\u2019une passion pour la beaut\u00e9 authentique et le bien-\u00eatre int\u00e9rieur,&nbsp;<strong>Auralys<\/strong>&nbsp;est bien plus qu\u2019un simple institut : c\u2019est une&nbsp;<strong>parenth\u00e8se de douceur<\/strong>, un lieu o\u00f9 l\u2019on prend le temps de se recentrer sur soi.<\/p>\n\n\n\n<p>Le nom&nbsp;<em>Auralys<\/em>&nbsp;\u00e9voque la&nbsp;<strong>lumi\u00e8re et l\u2019harmonie<\/strong>&nbsp;\u2014 celle qui \u00e9mane de chacun lorsque le corps et l\u2019esprit sont en \u00e9quilibre. Inspir\u00e9e par la nature et la s\u00e9r\u00e9nit\u00e9 des sens, la marque est fond\u00e9e sur une conviction simple :&nbsp;<strong>le soin est un art, et chaque personne m\u00e9rite une exp\u00e9rience unique, personnalis\u00e9e et apaisante.<\/strong><\/p>\n\n\n\n<p>Au fil des saisons, Auralys propose des&nbsp;<strong>rituels de beaut\u00e9 et de relaxation sur mesure<\/strong>, alliant gestes experts, textures sensorielles et ambiance enveloppante. Son univers raffin\u00e9 et bienveillant invite \u00e0 la d\u00e9tente, \u00e0 la confiance et \u00e0 la red\u00e9couverte de soi.<\/p>\n\n\n\n<p>Chez Auralys, chaque visite est une&nbsp;<strong>rencontre entre bien-\u00eatre et \u00e9l\u00e9gance<\/strong>, une exp\u00e9rience con\u00e7ue pour r\u00e9v\u00e9ler votre \u00e9clat naturel et nourrir votre s\u00e9r\u00e9nit\u00e9. \ud83c\udf38<\/p>\n","protected":false},"excerpt":{"rendered":"<p>N\u00e9e d\u2019une passion pour la beaut\u00e9 authentique et le bien-\u00eatre int\u00e9rieur,&nbsp;Auralys&nbsp;est bien plus qu\u2019un simple institut : c\u2019est une&nbsp;parenth\u00e8se de douceur, un lieu o\u00f9 l\u2019on prend le temps de se recentrer sur soi. Le nom&nbsp;Auralys&nbsp;\u00e9voque la&nbsp;lumi\u00e8re et l\u2019harmonie&nbsp;\u2014 celle qui \u00e9mane de chacun lorsque le corps et l\u2019esprit sont en \u00e9quilibre. Inspir\u00e9e par la nature &hellip; <\/p>\n","protected":false},"author":1,"featured_media":0,"parent":0,"menu_order":0,"comment_status":"closed","ping_status":"closed","template":"","meta":{"footnotes":""},"class_list":["post-12","page","type-page","status-publish","hentry"],"_links":{"self":[{"href":"https:\/\/www.auralys.baow.fr\/index.php\/wp-json\/wp\/v2\/pages\/12","targetHints":{"allow":["GET"]}}],"collection":[{"href":"https:\/\/www.auralys.baow.fr\/index.php\/wp-json\/wp\/v2\/pages"}],"about":[{"href":"https:\/\/www.auralys.baow.fr\/index.php\/wp-json\/wp\/v2\/types\/page"}],"author":[{"embeddable":true,"href":"https:\/\/www.auralys.baow.fr\/index.php\/wp-json\/wp\/v2\/users\/1"}],"replies":[{"embeddable":true,"href":"https:\/\/www.auralys.baow.fr\/index.php\/wp-json\/wp\/v2\/comments?post=12"}],"version-history":[{"count":3,"href":"https:\/\/www.auralys.baow.fr\/index.php\/wp-json\/wp\/v2\/pages\/12\/revisions"}],"predecessor-version":[{"id":57,"href":"https:\/\/www.auralys.baow.fr\/index.php\/wp-json\/wp\/v2\/pages\/12\/revisions\/57"}],"wp:attachment":[{"href":"https:\/\/www.auralys.baow.fr\/index.php\/wp-json\/wp\/v2\/media?parent=12"}],"curies":[{"name":"wp","href":"https:\/\/api.w.org\/{rel}","templated":true}]}}